{"id":13924,"date":"2021-09-17T13:48:46","date_gmt":"2021-09-17T11:48:46","guid":{"rendered":"https:\/\/levys-salzburg.com\/datenschutz\/"},"modified":"2026-02-24T09:44:11","modified_gmt":"2026-02-24T08:44:11","slug":"privacy-policy","status":"publish","type":"page","link":"https:\/\/levys-salzburg.com\/en\/privacy-policy\/","title":{"rendered":"Privacy policy"},"content":{"rendered":"<div id='av_section_1'  class='avia-section av-6al4p1-a43b03066b6636c7d21233466c9a3b20 main_color avia-section-default avia-no-border-styling  avia-builder-el-0  avia-builder-el-no-sibling  avia-bg-style-scroll container_wrap fullsize'  ><div class='container av-section-cont-open' ><main  role=\"main\" itemprop=\"mainContentOfPage\"  class='template-page content  av-content-full alpha units'><div class='post-entry post-entry-type-page post-entry-13924'><div class='entry-content-wrapper clearfix'>\n\n<style type=\"text\/css\" data-created_by=\"avia_inline_auto\" id=\"style-css-av-4qz12t-0f4bce52cac1ef6013abfc18703a35e0\">\n#top .av-special-heading.av-4qz12t-0f4bce52cac1ef6013abfc18703a35e0{\npadding-bottom:10px;\n}\nbody .av-special-heading.av-4qz12t-0f4bce52cac1ef6013abfc18703a35e0 .av-special-heading-tag .heading-char{\nfont-size:25px;\n}\n.av-special-heading.av-4qz12t-0f4bce52cac1ef6013abfc18703a35e0 .av-subheading{\nfont-size:15px;\n}\n<\/style>\n<div  class='av-special-heading av-4qz12t-0f4bce52cac1ef6013abfc18703a35e0 av-special-heading-h1 blockquote modern-quote  avia-builder-el-1  el_before_av_textblock  avia-builder-el-first '><h1 class='av-special-heading-tag'  itemprop=\"headline\"  >Privacy policy<\/h1><div class=\"special-heading-border\"><div class=\"special-heading-inner-border\"><\/div><\/div><\/div>\n<section  class='av_textblock_section av-37wnc5-ad6849425dc1892620948d05dcebc3b6'  itemscope=\"itemscope\" itemtype=\"https:\/\/schema.org\/CreativeWork\" ><div class='avia_textblock'  itemprop=\"text\" ><p><strong>As a service for guests on our website we present basic information in English. <\/strong><\/p>\n<p><strong>The privacy policy listed in German below is legally binding.<\/strong><\/p>\n<p>Die Betreiber dieser Seiten nehmen den Schutz Ihrer pers\u00f6nlichen Daten sehr ernst. Wir behandeln Ihre personenbezogenen Daten vertraulich und entsprechend der gesetzlichen Datenschutzvorschriften sowie dieser Datenschutzerkl\u00e4rung. Die Kontaktdaten des Verantwortlichen \u2013 nachfolgend kurz Levy\u2019s &#8211; finden Sie im\u00a0<a href=\"https:\/\/levys-salzburg.com\/en\/imprint\/\">Imprint.<\/a><\/p>\n<h2>Datenschutzbeauftragter gem. Art. 37 ff DSGVO<\/h2>\n<p>Bei Levy\u2018s handelt es sich um ein privatwirtschaftliches Unternehmen. Zum Schutz Ihrer Daten haben wir folgenden Datenschutzbeauftragten benannt:<\/p>\n<ul>\n<li>KOMDAT Datenschutz GmbH \/\/ <a href=\"http:\/\/www.komdat.at\">komdat.at<\/a> \/\/ <a href=\"mailto:privacy@komdat.at\">privacy@komdat.at<\/a><\/li>\n<\/ul>\n<h2>Betroffenenrechte<\/h2>\n<p>Sie haben gem\u00e4\u00df Datenschutz-Grundverordnung umfassende Rechte, wie:<\/p>\n<ul>\n<li>Recht auf Auskunft (Art. 15 DSGVO)<\/li>\n<li>Recht auf Berichtigung (Art. 16 DSGVO)<\/li>\n<li>Recht auf L\u00f6schung (Art. 17 DSGVO)<\/li>\n<li>Recht auf Einschr\u00e4nkung der Verarbeitung (Art. 18 DSGVO)<\/li>\n<li>Recht auf Daten\u00fcbertragbarkeit (Art. 20 DSGVO)<\/li>\n<li>Recht auf Widerspruch (Art. 21 DSGVO)<\/li>\n<li>Recht auf Widerruf einer Einwilligung (Art. 7 Abs. 3 DSGVO)<\/li>\n<li>Beschwerderecht (Art. 77 DSGVO)<\/li>\n<\/ul>\n<p><em>\u00a0<\/em><\/p>\n<p>Zur Wahrnehmung ihrer Rechte, wenden Sie sich bitte an uns.<\/p>\n<p>Ohne vorherige erfolgreiche Identit\u00e4tsfeststellung, k\u00f6nnen wir Betroffenenbegehren nicht bearbeiten. Aus diesem Grund ersuchen wir Sie, die Identit\u00e4tsfeststellung entsprechend zu unterst\u00fctzen und ihrer Anfrage eine Ausweiskopie beilzulegen.<\/p>\n<p>Wenn Sie zur Auffassung gelangen, dass die Verarbeitung ihrer Daten gegen datenschutzrechtliche Bestimmungen verst\u00f6\u00dft oder ihre datenschutzrechtlichen Anspr\u00fcche sonst in einer Weise verletzt worden sind, k\u00f6nnen Sie sich bei der Aufsichtsbeh\u00f6rde beschweren. In \u00d6sterreich ist dies die Datenschutzbeh\u00f6rde, Barichgasse 40-42 1030\u00a0Wien.<\/p>\n<h1>Datenerhebung und Verarbeitung<\/h1>\n<h2>Online Kontaktformular<\/h2>\n<p>Mittels eines Kontaktformulars k\u00f6nnen Sie Anfragen, Anregungen und W\u00fcnsche an uns richten. Um uns kontaktieren zu k\u00f6nnen ist es erforderlich, dass Sie uns Ihre Daten \u00fcbermitteln.<\/p>\n<p>Weiters ist von Ihnen ein Text im entsprechenden Feld zu verfassen.<\/p>\n<p>Sie nehmen zur Kenntnis, dass die vorgenannten Daten von uns zum Zweck der Bearbeitung bzw. Beantwortung Ihres Anliegens verarbeitet werden. Ohne Angabe dieser Informationen k\u00f6nnen wir Ihr Anliegen nicht bearbeiten.<\/p>\n<p>Rechtsgrundlagen:<\/p>\n<ul>\n<li>Einwilligung gem\u00e4\u00df Art. 6 Abs. 1 lit.a DSGVO<\/li>\n<li>Vertragserf\u00fcllung bzw vorvertragliche Ma\u00dfnahme gem. Art. 6 Abs.1 lit. b DSGVO.<\/li>\n<\/ul>\n<p>Speicherdauer:<\/p>\n<ul>\n<li>Bis zur Zweckerreichung<\/li>\n<li>7 Jahre ab Eingang der Anfrage (bei steuerlich relevanten Anfragen)<\/li>\n<\/ul>\n<h2>Online-Buchungen \/ Check-In \/ Beherbergung<\/h2>\n<p>Sie haben die M\u00f6glichkeit, auf der WebSite direkt eine Buchung vorzunehmen. Dazu ist die Angabe Ihrer Daten notwendig. Ohne Angabe Ihrer Daten k\u00f6nnen wir die Buchung nicht annehmen.<\/p>\n<p>Jedenfalls sind die geforderten Daten beim Check-In abzugeben. Sie nehmen zustimmend zur Kenntnis, dass die abgegebenen Daten im Rahmen des Aufenthalts angereichert bzw erg\u00e4nzt werden k\u00f6nnen (zB Mitreisende, Kreditkartendaten, Kennzeichen, \u2026).<\/p>\n<p>Rechtsgrundlagen:<\/p>\n<ul>\n<li>Vertragserf\u00fcllung bzw vorvertragliche Ma\u00dfnahme gem. Art. 6 Abs.1 lit. b DSGVO<\/li>\n<li>Erf\u00fcllung rechtlicher Verpflichtungen gem. Art. 6 Abs.1 lit. c DSGVO<\/li>\n<\/ul>\n<p>Speicherdauer:<\/p>\n<ul>\n<li>7 Jahre ab Eingang der Anfrage (Finanzgesetze \/ Meldegesetze)<\/li>\n<li>Bis zur Zweckerreichung<\/li>\n<\/ul>\n<h2>Server-Log<\/h2>\n<p>Beim Aufrufen dieser Website werden durch den auf Ihrem Endger\u00e4t zum Einsatz kommenden Browser automatisch Informationen an den Server unserer Website gesendet. Diese Informationen werden tempor\u00e4r in einem sog. Logfile gespeichert. Folgende Informationen werden dabei ohne Ihr Zutun erfasst und bis zur automatisierten L\u00f6schung gespeichert:<\/p>\n<ul>\n<li>IP-Adresse des anfragenden Rechners,<\/li>\n<li>Datum und Uhrzeit des Zugriffs,<\/li>\n<li>Name und URL der abgerufenen Datei,<\/li>\n<li>Herkunfts-Website (Referrer-URL),<\/li>\n<li>verwendeter Browser und ggf. das Betriebssystem Ihres Rechners sowie der Name Ihres Access-Providers.<\/li>\n<\/ul>\n<p>Die M\u00f6glichkeit, diese Daten f\u00fcr Zwecke wie<\/p>\n<ul>\n<li>die Gew\u00e4hrleistung eines reibungslosen Verbindungsaufbaus der Website,<\/li>\n<li>die Gew\u00e4hrleistung einer komfortablen Nutzung unserer Website,<\/li>\n<li>die Auswertung der Systemsicherheit und -stabilit\u00e4t sowie<\/li>\n<li>zu weiteren administrativen Zwecken<\/li>\n<\/ul>\n<p>zu nutzen, wird derzeit von uns wahrgenommen. Die erhobenen Daten werden in keinem Fall daf\u00fcr verwenden, R\u00fcckschl\u00fcsse auf Ihre Person zu ziehen.<\/p>\n<p>Rechtsgrundlagen:<\/p>\n<ul>\n<li>unsere berechtigten Interessen gem. Art. 6 Abs. 1 lit.f DSGVO<\/li>\n<\/ul>\n<p>Speicherdauer:<\/p>\n<ul>\n<li>6 Monate ab Anlage<\/li>\n<\/ul>\n<h1>Daten\u00fcbermittlung\/Daten\u00fcbertragung<\/h1>\n<h2>Daten\u00fcbermittlung an Dritte<\/h2>\n<p>Eine \u00dcbermittlung Ihrer personenbezogenen Daten an Dritte zu anderen als den im Folgenden aufgef\u00fchrten Zwecken findet nicht statt.<\/p>\n<p>Wir geben Ihre personenbezogenen Daten nur an Dritte weiter, wenn:<\/p>\n<ul>\n<li>Sie Ihre nach Art.\u00a06 Abs.\u00a01 lit.\u00a0a DSGVO ausdr\u00fcckliche Einwilligung dazu erteilt haben,<\/li>\n<li>die Weitergabe nach Art.\u00a06 Abs.\u00a01 lit.\u00a0f DSGVO zur Wahrung der betrieblichen Interessen, sowie zur Geltendmachung, Aus\u00fcbung oder Verteidigung von Rechtsanspr\u00fcchen erforderlich ist und kein Grund zur Annahme besteht, dass Sie ein \u00fcberwiegendes schutzw\u00fcrdiges Interesse an der Nichtweitergabe Ihrer Daten haben,<\/li>\n<li>f\u00fcr den Fall, dass f\u00fcr die Weitergabe nach Art.\u00a06 Abs.\u00a01 lit.\u00a0c DSGVO eine gesetzliche Verpflichtung besteht sowie<\/li>\n<li>dies gesetzlich zul\u00e4ssig und nach Art.\u00a06 Abs.\u00a01 lit.\u00a0b DSGVO f\u00fcr die Abwicklung von Vertragsverh\u00e4ltnissen mit Ihnen erforderlich ist.<\/li>\n<\/ul>\n<p>Der Verantwortliche kann ihre personenbezogenen Daten an Lieferanten weitergeben, die in unserem Auftrag gem\u00e4\u00df unseren Anweisungen Dienstleistungen erbringen.<\/p>\n<p>Der Verantwortliche kann Ihre personenbezogenen Daten auch an unsere verbundenen Unternehmen und Partner weitergeben.<\/p>\n<p>Dar\u00fcber hinaus kann der Verantwortliche ihre personenbezogenen Daten offenlegen, wenn wir dazu gesetzlich, rechtlich oder beh\u00f6rdlich verpflichtet sind oder wenn wir der Ansicht sind, dass eine Offenlegung notwendig oder angemessen ist, um physische Sch\u00e4den oder finanzielle Verluste zu vermeiden.<\/p>\n<p>Der Verantwortliche beh\u00e4lt sich das Recht vor, personenbezogene Daten, die wir \u00fcber Sie haben, zu \u00fcbertragen, wenn wir unsere Gesch\u00e4ftst\u00e4tigkeit oder Verm\u00f6genswerte ganz oder teilweise verkaufen oder \u00fcbertragen (einschlie\u00dflich im Falle einer Umstrukturierung, Aufl\u00f6sung oder Liquidation).<\/p>\n<h2>Daten\u00fcbertragungen<\/h2>\n<p>Der Verantwortliche kann ihre personenbezogenen Daten auch in L\u00e4nder au\u00dferhalb des Landes \u00fcbertragen, in dem die Informationen urspr\u00fcnglich gesammelt wurden. In diesen L\u00e4ndern gelten m\u00f6glicherweise nicht dieselben Datenschutzgesetze wie in dem Land, in dem Sie die personenbezogenen Daten urspr\u00fcnglich angegeben haben. Wenn wir Ihre Daten in andere L\u00e4nder \u00fcbertragen, sch\u00fctzen wir diese Daten wie in dieser Datenschutzerkl\u00e4rung beschrieben, und diese \u00dcbertragungen unterliegen dem jeweils geltenden Recht.<\/p>\n<p>Die L\u00e4nder, an die wir die personenbezogenen Daten weitergeben befinden sich<\/p>\n<ul>\n<li>innerhalb der Europ\u00e4ischen Union oder<br \/>\n\u2022 au\u00dferhalb der Europ\u00e4ischen Union<\/li>\n<\/ul>\n<p>Wenn wir personenbezogene Daten aus der Europ\u00e4ischen Union an L\u00e4nder oder internationale Organisationen au\u00dferhalb der Europ\u00e4ischen Union \u00fcbermitteln, erfolgt die \u00dcbertragung auf der Grundlage:<\/p>\n<ul>\n<li>eines Angemessenheitsbeschlusses der Europ\u00e4ischen Kommission;<\/li>\n<li>In Ermangelung eines solchen aufgrund anderer gesetzlich zul\u00e4ssiger Gr\u00fcnde wie das Vorliegen eines rechtlich verbindlichen und durchsetzbaren Dokuments zwischen den Beh\u00f6rden oder \u00f6ffentlichen Stellen, verbindlicher interner Unternehmensregeln, Standarddatenschutzklauseln sowie genehmigter oder zertifizierter Verhaltensregeln.<\/li>\n<\/ul>\n<p>In Ausnahmef\u00e4llen kann eine Daten\u00fcbertragung auch auf Grundlage des Art. 49 DSGVO erfolgen:<\/p>\n<ul>\n<li>49 Abs. 1 lit. a DSGVO<br \/>\ndie betroffene Person hat in die vorgeschlagene Daten\u00fcbermittlung ausdr\u00fccklich eingewilligt, nachdem sie \u00fcber die f\u00fcr sie bestehenden m\u00f6glichen Risiken derartiger Daten\u00fcbermittlungen ohne Vorliegen eines Angemessenheitsbeschlusses und ohne geeignete Garantien unterrichtet wurde,<\/li>\n<li>49 Abs. 1 lit. b DSGVO<br \/>\ndie \u00dcbermittlung ist f\u00fcr die Erf\u00fcllung eines Vertrags zwischen der betroffenen Person und dem Verantwortlichen oder zur Durchf\u00fchrung von vorvertraglichen Ma\u00dfnahmen auf Antrag der betroffenen Person erforderlich,<\/li>\n<li>49 Abs. 1 lit. c DSGVO<br \/>\ndie \u00dcbermittlung ist zum Abschluss oder zur Erf\u00fcllung eines im Interesse der betroffenen Person von dem Verantwortlichen mit einer anderen nat\u00fcrlichen oder juristischen Person geschlossenen Vertrags erforderlich.<\/li>\n<\/ul>\n<h1>Cookies<\/h1>\n<p>Diese WebSite verwendet ausschlie\u00dflich technisch notwendige Cookies.<\/p>\n<h1>SSL Verschl\u00fcsselung<\/h1>\n<p>Um die Sicherheit Ihrer Daten bei der \u00dcbertragung zu sch\u00fctzen, verwenden wir dem aktuellen Stand der Technik entsprechende Verschl\u00fcsselungsverfahren (z. B. SSL) \u00fcber HTTPS. \u00a0Sie k\u00f6nnen eine verschl\u00fcsselte Verbindung an der Zeichenfolge \u201ehttps:\/\/\u201c und dem Schloss-Symbol in Ihrer Browserzeile erkennen<\/p>\n<h1>\u00c4nderungen oder Erg\u00e4nzungen<\/h1>\n<p>Wir behalten uns das Recht vor, jederzeit und unangek\u00fcndigt, \u00c4nderungen oder Erg\u00e4nzungen der Informationsinhalte durchzuf\u00fchren. Sofern Teile oder einzelne Formulierungen dieses Textes der geltenden Rechtslage nicht, nicht mehr oder nicht vollst\u00e4ndig entsprechen sollten, bleiben die \u00fcbrigen Teile des Dokumentes in ihrem Inhalt und ihrer G\u00fcltigkeit davon unber\u00fchrt.<\/p>\n<p>Stand 10\/2025<\/p>\n<\/div><\/section>\n\n","protected":false},"excerpt":{"rendered":"","protected":false},"author":3,"featured_media":0,"parent":0,"menu_order":0,"comment_status":"closed","ping_status":"closed","template":"","meta":{"_acf_changed":false,"footnotes":""},"class_list":["post-13924","page","type-page","status-publish","hentry"],"acf":[],"yoast_head":"<!-- This site is optimized with the Yoast SEO plugin v27.1 - https:\/\/yoast.com\/product\/yoast-seo-wordpress\/ -->\n<title>Privacy Policy | Levy&#039;s Rooms &amp; Breakfast in Salzburg<\/title>\n<meta name=\"description\" content=\"Here you can find the privacy policy of the business &amp; city hotel Levy&#039;s central in Salzburg.\" \/>\n<meta name=\"robots\" content=\"index, follow, max-snippet:-1, max-image-preview:large, max-video-preview:-1\" \/>\n<link rel=\"canonical\" href=\"http:\/\/levys-salzburg.com\/en\/privacy-policy\/\" \/>\n<meta property=\"og:locale\" content=\"en_US\" \/>\n<meta property=\"og:type\" content=\"article\" \/>\n<meta property=\"og:title\" content=\"Privacy Policy | Levy&#039;s Rooms &amp; Breakfast in Salzburg\" \/>\n<meta property=\"og:description\" content=\"Here you can find the privacy policy of the business &amp; city hotel Levy&#039;s central in Salzburg.\" \/>\n<meta property=\"og:url\" content=\"http:\/\/levys-salzburg.com\/en\/privacy-policy\/\" \/>\n<meta property=\"og:site_name\" content=\"Levy&#039;s Rooms &amp; Breakfast\" \/>\n<meta property=\"article:modified_time\" content=\"2026-02-24T08:44:11+00:00\" \/>\n<meta name=\"twitter:card\" content=\"summary_large_image\" \/>\n<meta name=\"twitter:title\" content=\"Privacy Policy | Levy&#039;s Rooms &amp; Breakfast in Salzburg\" \/>\n<meta name=\"twitter:description\" content=\"Here you can find the privacy policy of the business &amp; city hotel Levy&#039;s central in Salzburg.\" \/>\n<meta name=\"twitter:label1\" content=\"Est. reading time\" \/>\n\t<meta name=\"twitter:data1\" content=\"7 minutes\" \/>\n<script type=\"application\/ld+json\" class=\"yoast-schema-graph\">{\"@context\":\"https:\/\/schema.org\",\"@graph\":[{\"@type\":\"WebPage\",\"@id\":\"http:\/\/levys-salzburg.com\/en\/privacy-policy\/\",\"url\":\"http:\/\/levys-salzburg.com\/en\/privacy-policy\/\",\"name\":\"Privacy Policy | Levy's Rooms & Breakfast in Salzburg\",\"isPartOf\":{\"@id\":\"\/#website\"},\"datePublished\":\"2021-09-17T11:48:46+00:00\",\"dateModified\":\"2026-02-24T08:44:11+00:00\",\"description\":\"Here you can find the privacy policy of the business & city hotel Levy's central in Salzburg.\",\"breadcrumb\":{\"@id\":\"http:\/\/levys-salzburg.com\/en\/privacy-policy\/#breadcrumb\"},\"inLanguage\":\"en-US\",\"potentialAction\":[{\"@type\":\"ReadAction\",\"target\":[\"http:\/\/levys-salzburg.com\/en\/privacy-policy\/\"]}]},{\"@type\":\"BreadcrumbList\",\"@id\":\"http:\/\/levys-salzburg.com\/en\/privacy-policy\/#breadcrumb\",\"itemListElement\":[{\"@type\":\"ListItem\",\"position\":1,\"name\":\"Startseite\",\"item\":\"https:\/\/levys-salzburg.com\/en\/\"},{\"@type\":\"ListItem\",\"position\":2,\"name\":\"Privacy policy\"}]},{\"@type\":\"WebSite\",\"@id\":\"\/#website\",\"url\":\"\/\",\"name\":\"Levy's Hotel\",\"description\":\"Business- &amp; Stadthotel zentral in Salzburg\",\"publisher\":{\"@id\":\"\/#organization\"},\"potentialAction\":[{\"@type\":\"SearchAction\",\"target\":{\"@type\":\"EntryPoint\",\"urlTemplate\":\"\/?s={search_term_string}\"},\"query-input\":{\"@type\":\"PropertyValueSpecification\",\"valueRequired\":true,\"valueName\":\"search_term_string\"}}],\"inLanguage\":\"en-US\"},{\"@type\":\"Organization\",\"@id\":\"\/#organization\",\"name\":\"Levy's Hotel\",\"alternateName\":\"Levy's Hotel\",\"url\":\"\/\",\"logo\":{\"@type\":\"ImageObject\",\"inLanguage\":\"en-US\",\"@id\":\"\/#\/schema\/logo\/image\/\",\"url\":\"https:\/\/levys-salzburg.com\/wp-content\/uploads\/2022\/12\/levys_logo_blue.png\",\"contentUrl\":\"https:\/\/levys-salzburg.com\/wp-content\/uploads\/2022\/12\/levys_logo_blue.png\",\"width\":668,\"height\":321,\"caption\":\"Levy's Hotel\"},\"image\":{\"@id\":\"\/#\/schema\/logo\/image\/\"}}]}<\/script>\n<!-- \/ Yoast SEO plugin. -->","yoast_head_json":{"title":"Privacy Policy | Levy's Rooms & Breakfast in Salzburg","description":"Here you can find the privacy policy of the business & city hotel Levy's central in Salzburg.","robots":{"index":"index","follow":"follow","max-snippet":"max-snippet:-1","max-image-preview":"max-image-preview:large","max-video-preview":"max-video-preview:-1"},"canonical":"http:\/\/levys-salzburg.com\/en\/privacy-policy\/","og_locale":"en_US","og_type":"article","og_title":"Privacy Policy | Levy's Rooms & Breakfast in Salzburg","og_description":"Here you can find the privacy policy of the business & city hotel Levy's central in Salzburg.","og_url":"http:\/\/levys-salzburg.com\/en\/privacy-policy\/","og_site_name":"Levy&#039;s Rooms &amp; Breakfast","article_modified_time":"2026-02-24T08:44:11+00:00","twitter_card":"summary_large_image","twitter_title":"Privacy Policy | Levy's Rooms & Breakfast in Salzburg","twitter_description":"Here you can find the privacy policy of the business & city hotel Levy's central in Salzburg.","twitter_misc":{"Est. reading time":"7 minutes"},"schema":{"@context":"https:\/\/schema.org","@graph":[{"@type":"WebPage","@id":"http:\/\/levys-salzburg.com\/en\/privacy-policy\/","url":"http:\/\/levys-salzburg.com\/en\/privacy-policy\/","name":"Privacy Policy | Levy's Rooms & Breakfast in Salzburg","isPartOf":{"@id":"\/#website"},"datePublished":"2021-09-17T11:48:46+00:00","dateModified":"2026-02-24T08:44:11+00:00","description":"Here you can find the privacy policy of the business & city hotel Levy's central in Salzburg.","breadcrumb":{"@id":"http:\/\/levys-salzburg.com\/en\/privacy-policy\/#breadcrumb"},"inLanguage":"en-US","potentialAction":[{"@type":"ReadAction","target":["http:\/\/levys-salzburg.com\/en\/privacy-policy\/"]}]},{"@type":"BreadcrumbList","@id":"http:\/\/levys-salzburg.com\/en\/privacy-policy\/#breadcrumb","itemListElement":[{"@type":"ListItem","position":1,"name":"Startseite","item":"https:\/\/levys-salzburg.com\/en\/"},{"@type":"ListItem","position":2,"name":"Privacy policy"}]},{"@type":"WebSite","@id":"\/#website","url":"\/","name":"Levy's Hotel","description":"Business- &amp; Stadthotel zentral in Salzburg","publisher":{"@id":"\/#organization"},"potentialAction":[{"@type":"SearchAction","target":{"@type":"EntryPoint","urlTemplate":"\/?s={search_term_string}"},"query-input":{"@type":"PropertyValueSpecification","valueRequired":true,"valueName":"search_term_string"}}],"inLanguage":"en-US"},{"@type":"Organization","@id":"\/#organization","name":"Levy's Hotel","alternateName":"Levy's Hotel","url":"\/","logo":{"@type":"ImageObject","inLanguage":"en-US","@id":"\/#\/schema\/logo\/image\/","url":"https:\/\/levys-salzburg.com\/wp-content\/uploads\/2022\/12\/levys_logo_blue.png","contentUrl":"https:\/\/levys-salzburg.com\/wp-content\/uploads\/2022\/12\/levys_logo_blue.png","width":668,"height":321,"caption":"Levy's Hotel"},"image":{"@id":"\/#\/schema\/logo\/image\/"}}]}},"_links":{"self":[{"href":"https:\/\/levys-salzburg.com\/en\/wp-json\/wp\/v2\/pages\/13924","targetHints":{"allow":["GET"]}}],"collection":[{"href":"https:\/\/levys-salzburg.com\/en\/wp-json\/wp\/v2\/pages"}],"about":[{"href":"https:\/\/levys-salzburg.com\/en\/wp-json\/wp\/v2\/types\/page"}],"author":[{"embeddable":true,"href":"https:\/\/levys-salzburg.com\/en\/wp-json\/wp\/v2\/users\/3"}],"replies":[{"embeddable":true,"href":"https:\/\/levys-salzburg.com\/en\/wp-json\/wp\/v2\/comments?post=13924"}],"version-history":[{"count":5,"href":"https:\/\/levys-salzburg.com\/en\/wp-json\/wp\/v2\/pages\/13924\/revisions"}],"predecessor-version":[{"id":15320,"href":"https:\/\/levys-salzburg.com\/en\/wp-json\/wp\/v2\/pages\/13924\/revisions\/15320"}],"wp:attachment":[{"href":"https:\/\/levys-salzburg.com\/en\/wp-json\/wp\/v2\/media?parent=13924"}],"curies":[{"name":"wp","href":"https:\/\/api.w.org\/{rel}","templated":true}]}}